{"id":117,"date":"2020-07-24T18:31:23","date_gmt":"2020-07-24T18:31:23","guid":{"rendered":"http:\/\/supervisao2020.web.ua.pt\/?page_id=117"},"modified":"2021-01-11T11:54:04","modified_gmt":"2021-01-11T11:54:04","slug":"programa","status":"publish","type":"page","link":"http:\/\/supervisao2020.web.ua.pt\/?page_id=117","title":{"rendered":"Programa"},"content":{"rendered":"\n<h6 class=\"has-accent-color has-text-color wp-block-heading\"><a rel=\"noreferrer noopener\" href=\"http:\/\/supervisao2020.web.ua.pt\/wp-content\/uploads\/2020\/11\/20201104_Supervisao-20202-programa_v05.pdf\" target=\"_blank\">descarregue o programa completo >>><\/a><br><a href=\"http:\/\/dx.doi.org\/10.34624\/gm7z-7b14\" target=\"_blank\" rel=\"noreferrer noopener\"><br>Livro de Resumos >>><\/a><br><\/h6>\n\n\n\n<h6 class=\"wp-block-heading\">A Revista <a rel=\"noreferrer noopener\" href=\"https:\/\/proa.ua.pt\/index.php\/id\/\" target=\"_blank\">Indagatio Didactica<\/a>&nbsp;publicar\u00e1 uma sele\u00e7\u00e3o de textos com origem nas interven\u00e7\u00f5es do Encontro Supervis\u00e3o 2020.<\/h6>\n\n\n\n<p>Abaixo disponibilizamos os pdf das apresenta\u00e7\u00f5es, gentilmente cedidos pelos oradores das sess\u00f5es. Futuramente, esperamos vir a disponibilizar as grava\u00e7\u00f5es das sess\u00f5es.<\/p>\n\n\n\n<h3 class=\"has-accent-color has-text-color has-text-align-center wp-block-heading\"><strong>1\u00ba Dia &#8211; 05 de Novembro<\/strong><\/h3>\n\n\n\n<h5 class=\"has-accent-color has-text-color has-text-align-center wp-block-heading\"><strong><em>Online<\/em><\/strong><\/h5>\n\n\n\n<p><strong>Mesa 1 \u2013 9h30 \u2013 11h30<\/strong> (Portugal) | <strong>6h30 \u2013 8h30<\/strong> (Brasil) | <strong>10h30-12h30<\/strong> (Angola)<\/p>\n\n\n\n<p><strong>Tema: <\/strong>Perspetivas sobre a Supervis\u00e3o em Portugal e no Brasil: do conceito \u00e0 a\u00e7\u00e3o.<\/p>\n\n\n\n<p>Il\u00eddia Cabral e Jos\u00e9 Matias Alves (Universidade Cat\u00f3lica do porto) | <a rel=\"noreferrer noopener\" href=\"http:\/\/supervisao2020.web.ua.pt\/wp-content\/uploads\/2020\/11\/Cabral_Ilidia_2020.pdf\" target=\"_blank\">Projeto COPA &#8211; Colaborar para Aprender<\/a><\/p>\n\n\n\n<p>Maria Assun\u00e7\u00e3o Flores (Universidade do Minho (UM)) | <a href=\"http:\/\/supervisao2020.web.ua.pt\/wp-content\/uploads\/2020\/11\/Flores_Maria-Assuncao_2020.pdf\" target=\"_blank\" rel=\"noreferrer noopener\">Desenvolvimento profissional em contexto de supervis\u00e3o: um processo em dois sentidos?<\/a><\/p>\n\n\n\n<p>Laurizete Ferragut Passos | Pontif\u00edcia Universidade Cat\u00f3lica de S\u00e3o Paulo &#8211; PUC-SP) | <a href=\"http:\/\/supervisao2020.web.ua.pt\/wp-content\/uploads\/2020\/11\/Passos_Laurizete-Ferragut_2020.pdf\" target=\"_blank\" rel=\"noreferrer noopener\">Mestrado Profissional em Educa\u00e7\u00e3o no Brasil: experi\u00eancias formadoras de coordenadoras pedag\u00f3gicas e a contribui\u00e7\u00e3o da pesquisa da pr\u00e1tica<\/a><\/p>\n\n\n\n<p><strong>Modera\u00e7\u00e3o: <\/strong>Jane do Carmo Machado e Betina Lopes<\/p>\n\n\n\n<hr class=\"wp-block-separator is-style-default\"\/>\n\n\n\n<p><strong>Mesa 2 &#8211; 11h45 <strong>\u2013<\/strong><\/strong> <strong>13h00<\/strong> (Portugal) | <strong>8h45 \u2013 10h30<\/strong> (Brasil) | <strong>12h45 &#8211; 14h00<\/strong> (Angola)<\/p>\n\n\n\n<p><strong>Tema: <\/strong>A Avalia\u00e7\u00e3o na Supervis\u00e3o: um di\u00e1logo a diferentes vozes?<\/p>\n\n\n\n<p><strong>Participante: <\/strong>Nilza Costa<\/p>\n\n\n\n<p><strong>Modera\u00e7\u00e3o: <\/strong>Ana Isabel Andrade e Cec\u00edlia Guerra<\/p>\n\n\n\n<hr class=\"wp-block-separator\"\/>\n\n\n\n<p class=\"has-text-color has-text-align-center has-accent-color\"><strong>Hora de almo\u00e7o<\/strong><br><strong>13hoo \u00e0s 14hoo<\/strong> (Portugal) | <strong>10h00 \u00e0s 11h00<\/strong> (Brasil) | <strong>14h00 \u00e0s 15h00<\/strong> (Angola)<\/p>\n\n\n\n<hr class=\"wp-block-separator\"\/>\n\n\n\n<p><strong>Comunica\u00e7\u00f5es: 14h00 <strong><strong>\u2013<\/strong><\/strong><\/strong> <strong>16h00<\/strong> (Portugal) | <strong>11h00 <strong><strong>\u2013<\/strong><\/strong><\/strong> <strong>13h00<\/strong> (Brasil) | <strong>15h00 &#8211; 17h00<\/strong> (Angola)<br>(N\u00famero de salas, dependendo do n\u00famero de inscritos)<\/p>\n\n\n\n<p><strong>Eixo I: Supervis\u00e3o: campos e possibilidades<\/strong><br>Filomena Martins e Diana Soares<br>comunica\u00e7\u00f5es (4 por sala)<\/p>\n\n\n\n<p><strong>Eixo II: Forma\u00e7\u00e3o de formadores: abordagens e percursos<\/strong><br>Deniele Pereira Batista e Carla Ferreira<br>comunica\u00e7\u00f5es (4 por sala)<\/p>\n\n\n\n<p><strong>Eixo III: <\/strong>&nbsp;<strong>Avalia\u00e7\u00e3o e desempenho docente<\/strong><br>F\u00e1tima Paix\u00e3o e Evelyn Santos<br>comunica\u00e7\u00f5es (4 por sala)<\/p>\n\n\n\n<hr class=\"wp-block-separator\"\/>\n\n\n\n<p><strong>Mesa 3 \u2013 16h15 \u2013 18h00<\/strong> (Portugal) | <strong>13h15 <strong>\u2013<\/strong><\/strong> <strong>15h00<\/strong> (Brasil) | <strong>17h15 &#8211; 19h00<\/strong> (Angola)<\/p>\n\n\n\n<p><strong>Confer\u00eancia final do 1\u00ba dia<\/strong><strong>: A forma\u00e7\u00e3o e o trabalho dos professores: pol\u00edticas de valoriza\u00e7\u00e3o, de desenvolvimento profissional e de supervis\u00e3o<\/strong><\/p>\n\n\n\n<p><strong>Participantes: <\/strong>Maria Celi Chaves Vasconcelos (UERJ-Brasil) e Karine Tomaz Veiga (TCE-RJ \/ MP-RJ &#8211; Brasil).<\/p>\n\n\n\n<p><strong>Modera\u00e7\u00e3o: <\/strong>Rui Neves e Diana Oliveira<\/p>\n\n\n\n<hr class=\"wp-block-separator is-style-dots\"\/>\n\n\n\n<h3 class=\"has-accent-color has-text-color has-text-align-center wp-block-heading\"><strong>2\u00ba Dia &#8211; 06 de Novembro&nbsp;<\/strong><\/h3>\n\n\n\n<h5 class=\"has-accent-color has-text-color has-text-align-center wp-block-heading\"><strong>&nbsp;O<em>nline<\/em><\/strong><\/h5>\n\n\n\n<p><strong>Mesa 4 \u2013 9h00 <strong>\u2013<\/strong><\/strong> <strong>10h10<\/strong> (Portugal) | <strong>6h00 <strong>\u2013<\/strong><\/strong> <strong>7h10<\/strong> (Brasil) | <strong>10h00 &#8211; 11h10<\/strong> (Angola)<\/p>\n\n\n\n<p><strong>Tema: <\/strong>Reflex\u00f5es sobre os cursos de Supervis\u00e3o em Portugal e seus atores<\/p>\n\n\n\n<p>Ana Isabel Andrade, Jane do Carmo Machado e Rui Neves (Universidade de Aveiro (UA)) | <a href=\"http:\/\/supervisao2020.web.ua.pt\/wp-content\/uploads\/2020\/11\/Machado-Andrade-Neves_2020.pdf\" target=\"_blank\" rel=\"noreferrer noopener\">Forma\u00e7\u00e3o em Supervis\u00e3o em Portugal: notas e reflex\u00f5es<\/a><\/p>\n\n\n\n<p>Fl\u00e1via Vieira (Universidade do Minho (UM)) | <a href=\"http:\/\/supervisao2020.web.ua.pt\/wp-content\/uploads\/2020\/11\/Vieira_Flavia_2020.pdf\" target=\"_blank\" rel=\"noreferrer noopener\">Forma\u00e7\u00e3o p\u00f3s-graduada em supervis\u00e3o pedag\u00f3gica: que investiga\u00e7\u00e3o para que educa\u00e7\u00e3o?<\/a><\/p>\n\n\n\n<p><strong>Modera\u00e7\u00e3o: <\/strong>Filomena Martins e Adriana Almeida<\/p>\n\n\n\n<hr class=\"wp-block-separator\"\/>\n\n\n\n<p><strong>Mesa 5 \u2013 10h15 \u2013 11h30<\/strong> (Portugal) | <strong>7h15 <strong>\u2013<\/strong><\/strong> <strong>8h30<\/strong> (Brasil) | <strong>11h15 &#8211; 12h30<\/strong> (Angola)<\/p>\n\n\n\n<p><strong>Tema: &nbsp;<\/strong>Percursos de Vida e Supervis\u00e3o \u2013 tr\u00eas olhares<\/p>\n\n\n\n<p>Isabel Alarc\u00e3o (UA)<\/p>\n\n\n\n<p>Id\u00e1lia S\u00e1-Chaves (UA) | <a href=\"http:\/\/supervisao2020.web.ua.pt\/wp-content\/uploads\/2020\/11\/Sa-Chaves_Idalia_2020.pdf\" target=\"_blank\" rel=\"noreferrer noopener\">Percursos de Vida e Supervis\u00e3o: Transgress\u00f5es do olhar<\/a><\/p>\n\n\n\n<p>Maria do C\u00e9u Rold\u00e3o (UCat\u00f3lica Porto) | <a href=\"http:\/\/supervisao2020.web.ua.pt\/wp-content\/uploads\/2020\/11\/Roldao_Maria-do-Ceu_2020.pdf\" target=\"_blank\" rel=\"noreferrer noopener\">Supervis\u00e3o e Profissionalidade<\/a><\/p>\n\n\n\n<p><strong>Modera\u00e7\u00e3o: <\/strong>Maria Alfredo Moreira e Betina Lopes<\/p>\n\n\n\n<hr class=\"wp-block-separator\"\/>\n\n\n\n<p><strong>11h30 &#8211; 12h00<\/strong> (Portugal) | <strong>8h30 <strong>\u2013<\/strong><\/strong> <strong>9h00<\/strong> (Brasil) | <strong>12h30 &#8211; 13h00<\/strong> (Angola)<\/p>\n\n\n\n<p><strong>Apresenta\u00e7\u00e3o da obra &#8220;A supervis\u00e3o no campo educativo&#8221;, de  Isabel Alarc\u00e3o<\/strong><br>(n\u00ba&nbsp;8 da Cole\u00e7\u00e3o &#8220;Educa\u00e7\u00e3o e Forma\u00e7\u00e3o &#8211; Cadernos Did\u00e1ticos&#8221;)&nbsp;<\/p>\n\n\n\n<p><strong>Apresentadora: <\/strong>F\u00e1tima Paix\u00e3o (ESE de Castelo Branco)<\/p>\n\n\n\n<hr class=\"wp-block-separator\"\/>\n\n\n\n<p><strong>12h00 \u2013 13h00<\/strong> (Portugal) | <strong>9h00 <strong>\u2013<\/strong><\/strong> <strong>10h00<\/strong> (Brasil) | <strong>13h00 &#8211; 14h00<\/strong> (Angola)<\/p>\n\n\n\n<p><strong>Palestra de encerramento: <\/strong>Ant\u00f3nio N\u00f3voa (ULisboa)<\/p>\n\n\n\n<p><strong>Modera\u00e7\u00e3o: <\/strong>Jane do Carmo Machado e Rui Neves (UA)<\/p>\n\n\n\n<h6 class=\"wp-block-heading\"><br>OBSERVA\u00c7\u00c3O: <strong>em fun\u00e7\u00e3o da situa\u00e7\u00e3o de sa\u00fade p\u00fablica, ambos os dias do evento ser\u00e3o online.<\/strong><\/h6>\n","protected":false},"excerpt":{"rendered":"<p>descarregue o programa completo >>>Livro de Resumos >>> A Revista Indagatio Didactica&nbsp;publicar\u00e1 uma sele\u00e7\u00e3o de textos com origem nas interven\u00e7\u00f5es do Encontro Supervis\u00e3o 2020. Abaixo disponibilizamos os pdf das apresenta\u00e7\u00f5es, gentilmente cedidos pelos oradores das sess\u00f5es. Futuramente, esperamos vir a disponibilizar as grava\u00e7\u00f5es das sess\u00f5es. 1\u00ba Dia &#8211; 05 de Novembro Online Mesa 1 \u2013 [&hellip;]<\/p>\n","protected":false},"author":3,"featured_media":0,"parent":0,"menu_order":1,"comment_status":"closed","ping_status":"closed","template":"","meta":{"footnotes":""},"_links":{"self":[{"href":"http:\/\/supervisao2020.web.ua.pt\/index.php?rest_route=\/wp\/v2\/pages\/117"}],"collection":[{"href":"http:\/\/supervisao2020.web.ua.pt\/index.php?rest_route=\/wp\/v2\/pages"}],"about":[{"href":"http:\/\/supervisao2020.web.ua.pt\/index.php?rest_route=\/wp\/v2\/types\/page"}],"author":[{"embeddable":true,"href":"http:\/\/supervisao2020.web.ua.pt\/index.php?rest_route=\/wp\/v2\/users\/3"}],"replies":[{"embeddable":true,"href":"http:\/\/supervisao2020.web.ua.pt\/index.php?rest_route=%2Fwp%2Fv2%2Fcomments&post=117"}],"version-history":[{"count":23,"href":"http:\/\/supervisao2020.web.ua.pt\/index.php?rest_route=\/wp\/v2\/pages\/117\/revisions"}],"predecessor-version":[{"id":622,"href":"http:\/\/supervisao2020.web.ua.pt\/index.php?rest_route=\/wp\/v2\/pages\/117\/revisions\/622"}],"wp:attachment":[{"href":"http:\/\/supervisao2020.web.ua.pt\/index.php?rest_route=%2Fwp%2Fv2%2Fmedia&parent=117"}],"curies":[{"name":"wp","href":"https:\/\/api.w.org\/{rel}","templated":true}]}}