{"id":330,"date":"2020-08-05T12:25:57","date_gmt":"2020-08-05T12:25:57","guid":{"rendered":"http:\/\/supervisao2020.web.ua.pt\/?page_id=330"},"modified":"2020-08-05T12:28:25","modified_gmt":"2020-08-05T12:28:25","slug":"inscricoes","status":"publish","type":"page","link":"http:\/\/supervisao2020.web.ua.pt\/?page_id=330","title":{"rendered":"Inscri\u00e7\u00f5es"},"content":{"rendered":"\n<p>Se n\u00e3o conseguir vizualizar o formul\u00e1rio abaixo, pode aceder atrav\u00e9s do link: <a href=\"https:\/\/forms.gle\/ZBgGbneAZGkW7pUu9\">https:\/\/forms.gle\/ZBgGbneAZGkW7pUu9<\/a><\/p>\n\n\n\n<figure><iframe loading=\"lazy\" src=\"https:\/\/docs.google.com\/forms\/d\/e\/1FAIpQLSdTui4msz58Z-Y1IBYm5y8h_zhopNrvW9wO5GFCDHIt0AlV0Q\/viewform?embedded=true\" width=\"500\" height=\"500\"><\/iframe><\/figure>\n","protected":false},"excerpt":{"rendered":"<p>Se n\u00e3o conseguir vizualizar o formul\u00e1rio abaixo, pode aceder atrav\u00e9s do link: https:\/\/forms.gle\/ZBgGbneAZGkW7pUu9<\/p>\n","protected":false},"author":3,"featured_media":0,"parent":0,"menu_order":5,"comment_status":"closed","ping_status":"closed","template":"","meta":{"footnotes":""},"_links":{"self":[{"href":"http:\/\/supervisao2020.web.ua.pt\/index.php?rest_route=\/wp\/v2\/pages\/330"}],"collection":[{"href":"http:\/\/supervisao2020.web.ua.pt\/index.php?rest_route=\/wp\/v2\/pages"}],"about":[{"href":"http:\/\/supervisao2020.web.ua.pt\/index.php?rest_route=\/wp\/v2\/types\/page"}],"author":[{"embeddable":true,"href":"http:\/\/supervisao2020.web.ua.pt\/index.php?rest_route=\/wp\/v2\/users\/3"}],"replies":[{"embeddable":true,"href":"http:\/\/supervisao2020.web.ua.pt\/index.php?rest_route=%2Fwp%2Fv2%2Fcomments&post=330"}],"version-history":[{"count":3,"href":"http:\/\/supervisao2020.web.ua.pt\/index.php?rest_route=\/wp\/v2\/pages\/330\/revisions"}],"predecessor-version":[{"id":339,"href":"http:\/\/supervisao2020.web.ua.pt\/index.php?rest_route=\/wp\/v2\/pages\/330\/revisions\/339"}],"wp:attachment":[{"href":"http:\/\/supervisao2020.web.ua.pt\/index.php?rest_route=%2Fwp%2Fv2%2Fmedia&parent=330"}],"curies":[{"name":"wp","href":"https:\/\/api.w.org\/{rel}","templated":true}]}}